{"id":2826,"date":"2023-03-07T17:39:41","date_gmt":"2023-03-07T17:39:41","guid":{"rendered":"https:\/\/portimpact.com\/site\/?page_id=2826"},"modified":"2023-03-07T17:41:54","modified_gmt":"2023-03-07T17:41:54","slug":"politica-de-cookies","status":"publish","type":"page","link":"https:\/\/portimpact.com\/site\/politica-de-cookies\/","title":{"rendered":"Pol\u00edtica de cookies"},"content":{"rendered":"\t\t<div data-elementor-type=\"wp-page\" data-elementor-id=\"2826\" class=\"elementor elementor-2826\">\n\t\t\t\t<section class=\"elementor-section elementor-top-section elementor-element elementor-element-70346f45 elementor-section-boxed elementor-section-height-default elementor-section-height-default\" data-id=\"70346f45\" data-element_type=\"section\">\n\t\t\t\t\t\t<div class=\"elementor-container elementor-column-gap-default\">\n\t\t\t\t\t<div class=\"elementor-column elementor-col-100 elementor-top-column elementor-element elementor-element-6f725567\" data-id=\"6f725567\" data-element_type=\"column\">\n\t\t\t<div class=\"elementor-widget-wrap elementor-element-populated\">\n\t\t\t\t\t\t<div class=\"elementor-element elementor-element-635cfb9e elementor-widget elementor-widget-text-editor\" data-id=\"635cfb9e\" data-element_type=\"widget\" data-widget_type=\"text-editor.default\">\n\t\t\t\t<div class=\"elementor-widget-container\">\n\t\t\t\t\t\t\t\t\t<p><\/p><h4 class=\"wp-block-heading\">\u00a0<\/h4><p><\/p><p>\u00a0O cookie \u00e9 um pequeno ficheiro de texto que, embora n\u00e3o recolhendo informa\u00e7\u00f5es pessoais que permitam identificar o utilizador, guardam sobre este, no dispositivo de acesso, informa\u00e7\u00f5es gen\u00e9ricas que lhe permitem uma posterior utiliza\u00e7\u00e3o dos sites de forma mais r\u00e1pida e eficiente.<\/p><p>Os cookies t\u00eam fun\u00e7\u00f5es espec\u00edficas, podendo durar a sess\u00e3o do utilizador ou prolongar-se ap\u00f3s o seu fecho, de forma persistente, conforme a fun\u00e7\u00e3o a que se destinem.<\/p><p><\/p><h3 class=\"wp-block-heading\"><b>Tipos de cookies<\/b><\/h3><p><\/p><p><b>Necess\u00e1rios<\/b>\u00a0\u2013 Ativos apenas durante a sess\u00e3o do utilizador, permitindo identific\u00e1-lo, s\u00e3o essenciais ao funcionamento dos servi\u00e7os disponibilizados nos sites;<\/p><p><b>De performance<\/b>\u00a0Ativos durante a sess\u00e3o do utilizador, ou de forma persistente, com o fim de melhorar o desempenho do site, atrav\u00e9s de an\u00e1lise da forma como os utilizadores o usam;<\/p><p><b>Funcionais<\/b>\u2013 Ativos durante a sess\u00e3o do utilizador, ou de forma persistente, com o fim de permitir ao utilizador uma navega\u00e7\u00e3o mais eficiente e individualizada;<\/p><p><b>De publicidade<\/b>\u00a0Ativos de forma persistente mas por per\u00edodo limitado, com o fim de recolherem informa\u00e7\u00e3o do utilizador sobre h\u00e1bitos de navega\u00e7\u00e3o na internet de modo a que a publicidade visualizada por aquele corresponda \u00e0s suas necessidades e interesses.<\/p><p><\/p><h3 class=\"wp-block-heading\"><b>Desativa\u00e7\u00e3o dos cookies<\/b><\/h3><p><\/p><p>Todos os browsers permitem ao utilizador aceitar, recusar ou apagar cookies, nomeadamente atrav\u00e9s da sele\u00e7\u00e3o das defini\u00e7\u00f5es apropriadas no respetivo navegador, pelo que o utilizador pode, a qualquer momento, desativar parcial ou totalmente os cookies utilizados no site da PORTIMPACT<\/p><p><\/p><p>\u00a0<\/p><p><\/p>\t\t\t\t\t\t\t\t<\/div>\n\t\t\t\t<\/div>\n\t\t\t\t\t<\/div>\n\t\t<\/div>\n\t\t\t\t\t<\/div>\n\t\t<\/section>\t\t<\/div>\n\t\t","protected":false},"excerpt":{"rendered":"<p>\u00a0 \u00a0O cookie \u00e9 um pequeno ficheiro de texto que, embora n\u00e3o recolhendo informa\u00e7\u00f5es pessoais que permitam identificar o utilizador, guardam sobre este, no dispositivo de<span class=\"excerpt-hellip\"> [\u2026]<\/span><\/p>\n","protected":false},"author":1,"featured_media":0,"parent":0,"menu_order":0,"comment_status":"open","ping_status":"open","template":"","meta":{"footnotes":""},"class_list":["post-2826","page","type-page","status-publish","hentry"],"yoast_head":"<!-- This site is optimized with the Yoast SEO Premium plugin v20.9 (Yoast SEO v25.2) - https:\/\/yoast.com\/wordpress\/plugins\/seo\/ -->\n<title>Pol\u00edtica de cookies - Portimpact<\/title>\n<meta name=\"robots\" content=\"index, follow, max-snippet:-1, max-image-preview:large, max-video-preview:-1\" \/>\n<link rel=\"canonical\" href=\"https:\/\/portimpact.com\/site\/politica-de-cookies\/\" \/>\n<meta property=\"og:locale\" content=\"pt_PT\" \/>\n<meta property=\"og:type\" content=\"article\" \/>\n<meta property=\"og:title\" content=\"Pol\u00edtica de cookies\" \/>\n<meta property=\"og:description\" content=\"\u00a0 \u00a0O cookie \u00e9 um pequeno ficheiro de texto que, embora n\u00e3o recolhendo informa\u00e7\u00f5es pessoais que permitam identificar o utilizador, guardam sobre este, no dispositivo de [\u2026]\" \/>\n<meta property=\"og:url\" content=\"https:\/\/portimpact.com\/site\/politica-de-cookies\/\" \/>\n<meta property=\"og:site_name\" content=\"Portimpact\" \/>\n<meta property=\"article:publisher\" content=\"https:\/\/www.facebook.com\/Portimpact\/\" \/>\n<meta property=\"article:modified_time\" content=\"2023-03-07T17:41:54+00:00\" \/>\n<meta name=\"twitter:card\" content=\"summary_large_image\" \/>\n<meta name=\"twitter:label1\" content=\"Tempo estimado de leitura\" \/>\n\t<meta name=\"twitter:data1\" content=\"1 minuto\" \/>\n<script type=\"application\/ld+json\" class=\"yoast-schema-graph\">{\"@context\":\"https:\/\/schema.org\",\"@graph\":[{\"@type\":\"WebPage\",\"@id\":\"https:\/\/portimpact.com\/site\/politica-de-cookies\/\",\"url\":\"https:\/\/portimpact.com\/site\/politica-de-cookies\/\",\"name\":\"Pol\u00edtica de cookies - Portimpact\",\"isPartOf\":{\"@id\":\"https:\/\/portimpact.com\/site\/#website\"},\"datePublished\":\"2023-03-07T17:39:41+00:00\",\"dateModified\":\"2023-03-07T17:41:54+00:00\",\"breadcrumb\":{\"@id\":\"https:\/\/portimpact.com\/site\/politica-de-cookies\/#breadcrumb\"},\"inLanguage\":\"pt-PT\",\"potentialAction\":[{\"@type\":\"ReadAction\",\"target\":[\"https:\/\/portimpact.com\/site\/politica-de-cookies\/\"]}]},{\"@type\":\"BreadcrumbList\",\"@id\":\"https:\/\/portimpact.com\/site\/politica-de-cookies\/#breadcrumb\",\"itemListElement\":[{\"@type\":\"ListItem\",\"position\":1,\"name\":\"Home\",\"item\":\"https:\/\/portimpact.com\/site\/\"},{\"@type\":\"ListItem\",\"position\":2,\"name\":\"Pol\u00edtica de cookies\"}]},{\"@type\":\"WebSite\",\"@id\":\"https:\/\/portimpact.com\/site\/#website\",\"url\":\"https:\/\/portimpact.com\/site\/\",\"name\":\"Portimpact\",\"description\":\"Escadas, Escadotes, Estendais em alum\u00ednio\",\"publisher\":{\"@id\":\"https:\/\/portimpact.com\/site\/#organization\"},\"potentialAction\":[{\"@type\":\"SearchAction\",\"target\":{\"@type\":\"EntryPoint\",\"urlTemplate\":\"https:\/\/portimpact.com\/site\/?s={search_term_string}\"},\"query-input\":{\"@type\":\"PropertyValueSpecification\",\"valueRequired\":true,\"valueName\":\"search_term_string\"}}],\"inLanguage\":\"pt-PT\"},{\"@type\":\"Organization\",\"@id\":\"https:\/\/portimpact.com\/site\/#organization\",\"name\":\"Portimpact\",\"url\":\"https:\/\/portimpact.com\/site\/\",\"logo\":{\"@type\":\"ImageObject\",\"inLanguage\":\"pt-PT\",\"@id\":\"https:\/\/portimpact.com\/site\/#\/schema\/logo\/image\/\",\"url\":\"https:\/\/portimpact.com\/site\/wp-content\/uploads\/2022\/11\/logo_portimpact1.png\",\"contentUrl\":\"https:\/\/portimpact.com\/site\/wp-content\/uploads\/2022\/11\/logo_portimpact1.png\",\"width\":170,\"height\":62,\"caption\":\"Portimpact\"},\"image\":{\"@id\":\"https:\/\/portimpact.com\/site\/#\/schema\/logo\/image\/\"},\"sameAs\":[\"https:\/\/www.facebook.com\/Portimpact\/\",\"https:\/\/www.instagram.com\/portimpact\/\",\"https:\/\/www.linkedin.com\/in\/portimpact\"]}]}<\/script>\n<!-- \/ Yoast SEO Premium plugin. -->","yoast_head_json":{"title":"Pol\u00edtica de cookies - Portimpact","robots":{"index":"index","follow":"follow","max-snippet":"max-snippet:-1","max-image-preview":"max-image-preview:large","max-video-preview":"max-video-preview:-1"},"canonical":"https:\/\/portimpact.com\/site\/politica-de-cookies\/","og_locale":"pt_PT","og_type":"article","og_title":"Pol\u00edtica de cookies","og_description":"\u00a0 \u00a0O cookie \u00e9 um pequeno ficheiro de texto que, embora n\u00e3o recolhendo informa\u00e7\u00f5es pessoais que permitam identificar o utilizador, guardam sobre este, no dispositivo de [\u2026]","og_url":"https:\/\/portimpact.com\/site\/politica-de-cookies\/","og_site_name":"Portimpact","article_publisher":"https:\/\/www.facebook.com\/Portimpact\/","article_modified_time":"2023-03-07T17:41:54+00:00","twitter_card":"summary_large_image","twitter_misc":{"Tempo estimado de leitura":"1 minuto"},"schema":{"@context":"https:\/\/schema.org","@graph":[{"@type":"WebPage","@id":"https:\/\/portimpact.com\/site\/politica-de-cookies\/","url":"https:\/\/portimpact.com\/site\/politica-de-cookies\/","name":"Pol\u00edtica de cookies - Portimpact","isPartOf":{"@id":"https:\/\/portimpact.com\/site\/#website"},"datePublished":"2023-03-07T17:39:41+00:00","dateModified":"2023-03-07T17:41:54+00:00","breadcrumb":{"@id":"https:\/\/portimpact.com\/site\/politica-de-cookies\/#breadcrumb"},"inLanguage":"pt-PT","potentialAction":[{"@type":"ReadAction","target":["https:\/\/portimpact.com\/site\/politica-de-cookies\/"]}]},{"@type":"BreadcrumbList","@id":"https:\/\/portimpact.com\/site\/politica-de-cookies\/#breadcrumb","itemListElement":[{"@type":"ListItem","position":1,"name":"Home","item":"https:\/\/portimpact.com\/site\/"},{"@type":"ListItem","position":2,"name":"Pol\u00edtica de cookies"}]},{"@type":"WebSite","@id":"https:\/\/portimpact.com\/site\/#website","url":"https:\/\/portimpact.com\/site\/","name":"Portimpact","description":"Escadas, Escadotes, Estendais em alum\u00ednio","publisher":{"@id":"https:\/\/portimpact.com\/site\/#organization"},"potentialAction":[{"@type":"SearchAction","target":{"@type":"EntryPoint","urlTemplate":"https:\/\/portimpact.com\/site\/?s={search_term_string}"},"query-input":{"@type":"PropertyValueSpecification","valueRequired":true,"valueName":"search_term_string"}}],"inLanguage":"pt-PT"},{"@type":"Organization","@id":"https:\/\/portimpact.com\/site\/#organization","name":"Portimpact","url":"https:\/\/portimpact.com\/site\/","logo":{"@type":"ImageObject","inLanguage":"pt-PT","@id":"https:\/\/portimpact.com\/site\/#\/schema\/logo\/image\/","url":"https:\/\/portimpact.com\/site\/wp-content\/uploads\/2022\/11\/logo_portimpact1.png","contentUrl":"https:\/\/portimpact.com\/site\/wp-content\/uploads\/2022\/11\/logo_portimpact1.png","width":170,"height":62,"caption":"Portimpact"},"image":{"@id":"https:\/\/portimpact.com\/site\/#\/schema\/logo\/image\/"},"sameAs":["https:\/\/www.facebook.com\/Portimpact\/","https:\/\/www.instagram.com\/portimpact\/","https:\/\/www.linkedin.com\/in\/portimpact"]}]}},"_links":{"self":[{"href":"https:\/\/portimpact.com\/site\/wp-json\/wp\/v2\/pages\/2826","targetHints":{"allow":["GET"]}}],"collection":[{"href":"https:\/\/portimpact.com\/site\/wp-json\/wp\/v2\/pages"}],"about":[{"href":"https:\/\/portimpact.com\/site\/wp-json\/wp\/v2\/types\/page"}],"author":[{"embeddable":true,"href":"https:\/\/portimpact.com\/site\/wp-json\/wp\/v2\/users\/1"}],"replies":[{"embeddable":true,"href":"https:\/\/portimpact.com\/site\/wp-json\/wp\/v2\/comments?post=2826"}],"version-history":[{"count":4,"href":"https:\/\/portimpact.com\/site\/wp-json\/wp\/v2\/pages\/2826\/revisions"}],"predecessor-version":[{"id":2830,"href":"https:\/\/portimpact.com\/site\/wp-json\/wp\/v2\/pages\/2826\/revisions\/2830"}],"wp:attachment":[{"href":"https:\/\/portimpact.com\/site\/wp-json\/wp\/v2\/media?parent=2826"}],"curies":[{"name":"wp","href":"https:\/\/api.w.org\/{rel}","templated":true}]}}