{"id":3082,"date":"2023-03-30T09:04:10","date_gmt":"2023-03-30T09:04:10","guid":{"rendered":"https:\/\/portimpact.com\/site\/?post_type=product&#038;p=3082"},"modified":"2023-03-30T09:53:25","modified_gmt":"2023-03-30T09:53:25","slug":"regua-aluminio","status":"publish","type":"product","link":"https:\/\/portimpact.com\/site\/product\/regua-aluminio\/","title":{"rendered":"R\u00e9gua em Alum\u00ednio"},"content":{"rendered":"\t\t<div data-elementor-type=\"wp-post\" data-elementor-id=\"3082\" class=\"elementor elementor-3082\">\n\t\t\t\t\t\t<section class=\"elementor-section elementor-top-section elementor-element elementor-element-9a0e910 elementor-section-boxed elementor-section-height-default elementor-section-height-default\" data-id=\"9a0e910\" data-element_type=\"section\">\n\t\t\t\t\t\t<div class=\"elementor-container elementor-column-gap-default\">\n\t\t\t\t\t<div class=\"elementor-column elementor-col-33 elementor-top-column elementor-element elementor-element-cd53966\" data-id=\"cd53966\" data-element_type=\"column\" data-settings=\"{&quot;background_background&quot;:&quot;classic&quot;}\">\n\t\t\t<div class=\"elementor-widget-wrap elementor-element-populated\">\n\t\t\t\t\t\t<div class=\"elementor-element elementor-element-f2d1cf4 elementor-align-right elementor-widget elementor-widget-button\" data-id=\"f2d1cf4\" data-element_type=\"widget\" data-widget_type=\"button.default\">\n\t\t\t\t<div class=\"elementor-widget-container\">\n\t\t\t\t\t\t\t\t\t<div class=\"elementor-button-wrapper\">\n\t\t\t\t\t<a class=\"elementor-button elementor-button-link elementor-size-md\" href=\"#elementor-action%3Aaction%3Dpopup%3Aopen%26settings%3DeyJpZCI6IjEzODgiLCJ0b2dnbGUiOmZhbHNlfQ%3D%3D\">\n\t\t\t\t\t\t<span class=\"elementor-button-content-wrapper\">\n\t\t\t\t\t\t<span class=\"elementor-button-icon\">\n\t\t\t\t<i aria-hidden=\"true\" class=\"fas fa-info-circle\"><\/i>\t\t\t<\/span>\n\t\t\t\t\t\t\t\t\t<span class=\"elementor-button-text\">Pedir mais informa\u00e7\u00f5es<\/span>\n\t\t\t\t\t<\/span>\n\t\t\t\t\t<\/a>\n\t\t\t\t<\/div>\n\t\t\t\t\t\t\t\t<\/div>\n\t\t\t\t<\/div>\n\t\t\t\t\t<\/div>\n\t\t<\/div>\n\t\t\t\t<div class=\"elementor-column elementor-col-33 elementor-top-column elementor-element elementor-element-6b9bcaf\" data-id=\"6b9bcaf\" data-element_type=\"column\">\n\t\t\t<div class=\"elementor-widget-wrap\">\n\t\t\t\t\t\t\t<\/div>\n\t\t<\/div>\n\t\t\t\t<div class=\"elementor-column elementor-col-33 elementor-top-column elementor-element elementor-element-61f18c9\" data-id=\"61f18c9\" data-element_type=\"column\">\n\t\t\t<div class=\"elementor-widget-wrap elementor-element-populated\">\n\t\t\t\t\t\t<div class=\"elementor-element elementor-element-0a41c01 elementor-align-left elementor-widget elementor-widget-button\" data-id=\"0a41c01\" data-element_type=\"widget\" data-widget_type=\"button.default\">\n\t\t\t\t<div class=\"elementor-widget-container\">\n\t\t\t\t\t\t\t\t\t<div class=\"elementor-button-wrapper\">\n\t\t\t\t\t<a class=\"elementor-button elementor-button-link elementor-size-md\" href=\"https:\/\/portimpact.com\/site\/fichas\/ficha_regua_aluminio.pdf\" target=\"_blank\">\n\t\t\t\t\t\t<span class=\"elementor-button-content-wrapper\">\n\t\t\t\t\t\t<span class=\"elementor-button-icon\">\n\t\t\t\t<i aria-hidden=\"true\" class=\"fas fa-arrow-alt-circle-down\"><\/i>\t\t\t<\/span>\n\t\t\t\t\t\t\t\t\t<span class=\"elementor-button-text\">Ficha do Produto<\/span>\n\t\t\t\t\t<\/span>\n\t\t\t\t\t<\/a>\n\t\t\t\t<\/div>\n\t\t\t\t\t\t\t\t<\/div>\n\t\t\t\t<\/div>\n\t\t\t\t\t<\/div>\n\t\t<\/div>\n\t\t\t\t\t<\/div>\n\t\t<\/section>\n\t\t\t\t<section class=\"elementor-section elementor-top-section elementor-element elementor-element-6035fe9 elementor-section-boxed elementor-section-height-default elementor-section-height-default\" data-id=\"6035fe9\" data-element_type=\"section\">\n\t\t\t\t\t\t<div class=\"elementor-container elementor-column-gap-default\">\n\t\t\t\t\t<div class=\"elementor-column elementor-col-100 elementor-top-column elementor-element elementor-element-609ca1a\" data-id=\"609ca1a\" data-element_type=\"column\">\n\t\t\t<div class=\"elementor-widget-wrap elementor-element-populated\">\n\t\t\t\t\t\t<div class=\"elementor-element elementor-element-79acfc9 elementor-tabs-view-horizontal elementor-widget elementor-widget-tabs\" data-id=\"79acfc9\" data-element_type=\"widget\" data-widget_type=\"tabs.default\">\n\t\t\t\t<div class=\"elementor-widget-container\">\n\t\t\t\t\t\t\t<div class=\"elementor-tabs\">\n\t\t\t<div class=\"elementor-tabs-wrapper\" role=\"tablist\" >\n\t\t\t\t\t\t\t\t\t<div id=\"elementor-tab-title-1271\" class=\"elementor-tab-title elementor-tab-desktop-title\" aria-selected=\"true\" data-tab=\"1\" role=\"tab\" tabindex=\"0\" aria-controls=\"elementor-tab-content-1271\" aria-expanded=\"false\">Medidas<\/div>\n\t\t\t\t\t\t\t\t\t<div id=\"elementor-tab-title-1272\" class=\"elementor-tab-title elementor-tab-desktop-title\" aria-selected=\"false\" data-tab=\"2\" role=\"tab\" tabindex=\"-1\" aria-controls=\"elementor-tab-content-1272\" aria-expanded=\"false\">Manual Instru\u00e7\u00f5es<\/div>\n\t\t\t\t\t\t\t<\/div>\n\t\t\t<div class=\"elementor-tabs-content-wrapper\" role=\"tablist\" aria-orientation=\"vertical\">\n\t\t\t\t\t\t\t\t\t<div class=\"elementor-tab-title elementor-tab-mobile-title\" aria-selected=\"true\" data-tab=\"1\" role=\"tab\" tabindex=\"0\" aria-controls=\"elementor-tab-content-1271\" aria-expanded=\"false\">Medidas<\/div>\n\t\t\t\t\t<div id=\"elementor-tab-content-1271\" class=\"elementor-tab-content elementor-clearfix\" data-tab=\"1\" role=\"tabpanel\" aria-labelledby=\"elementor-tab-title-1271\" tabindex=\"0\" hidden=\"false\"><div>\n<table>\n<tbody>\n<tr>\n<td><a href=\"https:\/\/portimpact.com\/site\/wp-content\/uploads\/2023\/03\/v_metro-1.svg\"><img decoding=\"async\" class=\"alignnone size-full wp-image-3104\" src=\"https:\/\/portimpact.com\/site\/wp-content\/uploads\/2023\/03\/v_metro-1.svg\" alt=\"\" width=\"141\" height=\"113\"><\/a><\/td>\n<td>\n<h4>R\u00e9gua em Alum\u00ednio<\/h4>\n<\/td>\n<td>&nbsp;<\/td>\n<\/tr>\n<\/tbody>\n<\/table>\n<table>\n<thead>\n<tr>\n<th>&nbsp;<\/th>\n<th><img decoding=\"async\" class=\"alignnone size-full wp-image-3099\" src=\"https:\/\/portimpact.com\/site\/wp-content\/uploads\/2023\/03\/A_regua-1.svg\" alt=\"\" width=\"141\" height=\"113\"><\/th>\n<th><img decoding=\"async\" class=\"alignnone size-full wp-image-3097\" src=\"https:\/\/portimpact.com\/site\/wp-content\/uploads\/2023\/03\/L_regua-1.svg\" alt=\"\" width=\"141\" height=\"113\"><\/th>\n<th><img loading=\"lazy\" decoding=\"async\" class=\"alignnone size-full wp-image-3098\" src=\"https:\/\/portimpact.com\/site\/wp-content\/uploads\/2023\/03\/C_regua-1.svg\" alt=\"\" width=\"141\" height=\"113\"><\/th>\n<th><a href=\"https:\/\/portimpact.com\/site\/wp-content\/uploads\/2022\/06\/kg.svg\"><img decoding=\"async\" src=\"https:\/\/portimpact.com\/site\/wp-content\/uploads\/2022\/06\/kg.svg\" alt=\"\" width=\"95%\" height=\"95%\"><\/a><\/th>\n<\/tr>\n<tr>\n<th>Refer\u00eancia<\/th>\n<th>Altura<\/th>\n<th>Largura<\/th>\n<th>Comprimento<\/th>\n<th>Peso<\/th>\n<\/tr>\n<\/thead>\n<tbody>\n<tr>\n<td>RGP-100<\/td>\n<td>100&nbsp;<\/td>\n<td>20<\/td>\n<td>1000<\/td>\n<td>1,5<\/td>\n<\/tr>\n<\/tbody>\n<\/table>\n<\/div><\/div>\n\t\t\t\t\t\t\t\t\t<div class=\"elementor-tab-title elementor-tab-mobile-title\" aria-selected=\"false\" data-tab=\"2\" role=\"tab\" tabindex=\"-1\" aria-controls=\"elementor-tab-content-1272\" aria-expanded=\"false\">Manual Instru\u00e7\u00f5es<\/div>\n\t\t\t\t\t<div id=\"elementor-tab-content-1272\" class=\"elementor-tab-content elementor-clearfix\" data-tab=\"2\" role=\"tabpanel\" aria-labelledby=\"elementor-tab-title-1272\" tabindex=\"0\" hidden=\"hidden\"><img decoding=\"async\" class=\"alignnone wp-image-2155\" src=\"https:\/\/portimpact.com\/site\/wp-content\/uploads\/2023\/03\/ficha_regua_aluminio.jpg\" alt=\"\" width=\"95%\" height=\"95%\" \/><\/div>\n\t\t\t\t\t\t\t<\/div>\n\t\t<\/div>\n\t\t\t\t\t\t<\/div>\n\t\t\t\t<\/div>\n\t\t\t\t\t<\/div>\n\t\t<\/div>\n\t\t\t\t\t<\/div>\n\t\t<\/section>\n\t\t\t\t<\/div>\n\t\t","protected":false},"excerpt":{"rendered":"<p>R\u00e9gua em alum\u00ednio com tops pl\u00e1sticos.<\/p>\n<p>Venda ao metro.<\/p>\n<p>&nbsp;<\/p>\n","protected":false},"featured_media":3083,"template":"","meta":[],"product_brand":[],"product_cat":[143,144],"product_tag":[],"class_list":{"0":"post-3082","1":"product","2":"type-product","3":"status-publish","4":"has-post-thumbnail","6":"product_cat-outros-produtos","7":"product_cat-regua-aluminio-construcao","9":"first","10":"instock","11":"virtual","12":"product-type-simple"},"yoast_head":"<!-- This site is optimized with the Yoast SEO Premium plugin v20.9 (Yoast SEO v25.2) - https:\/\/yoast.com\/wordpress\/plugins\/seo\/ -->\n<title>R\u00e9gua em Alum\u00ednio - Portimpact<\/title>\n<meta name=\"robots\" content=\"index, follow, max-snippet:-1, max-image-preview:large, max-video-preview:-1\" \/>\n<link rel=\"canonical\" href=\"https:\/\/portimpact.com\/site\/product\/regua-aluminio\/\" \/>\n<meta property=\"og:locale\" content=\"pt_PT\" \/>\n<meta property=\"og:type\" content=\"article\" \/>\n<meta property=\"og:title\" content=\"R\u00e9gua em Alum\u00ednio\" \/>\n<meta property=\"og:description\" content=\"R\u00e9gua em alum\u00ednio com tops pl\u00e1sticos.  Venda ao metro.  &nbsp;\" \/>\n<meta property=\"og:url\" content=\"https:\/\/portimpact.com\/site\/product\/regua-aluminio\/\" \/>\n<meta property=\"og:site_name\" content=\"Portimpact\" \/>\n<meta property=\"article:publisher\" content=\"https:\/\/www.facebook.com\/Portimpact\/\" \/>\n<meta property=\"article:modified_time\" content=\"2023-03-30T09:53:25+00:00\" \/>\n<meta property=\"og:image\" content=\"https:\/\/portimpact.com\/site\/wp-content\/uploads\/2023\/03\/regua1.png\" \/>\n\t<meta property=\"og:image:width\" content=\"800\" \/>\n\t<meta property=\"og:image:height\" content=\"874\" \/>\n\t<meta property=\"og:image:type\" content=\"image\/png\" \/>\n<meta name=\"twitter:card\" content=\"summary_large_image\" \/>\n<script type=\"application\/ld+json\" class=\"yoast-schema-graph\">{\"@context\":\"https:\/\/schema.org\",\"@graph\":[{\"@type\":\"WebPage\",\"@id\":\"https:\/\/portimpact.com\/site\/product\/regua-aluminio\/\",\"url\":\"https:\/\/portimpact.com\/site\/product\/regua-aluminio\/\",\"name\":\"R\u00e9gua em Alum\u00ednio - Portimpact\",\"isPartOf\":{\"@id\":\"https:\/\/portimpact.com\/site\/#website\"},\"primaryImageOfPage\":{\"@id\":\"https:\/\/portimpact.com\/site\/product\/regua-aluminio\/#primaryimage\"},\"image\":{\"@id\":\"https:\/\/portimpact.com\/site\/product\/regua-aluminio\/#primaryimage\"},\"thumbnailUrl\":\"https:\/\/portimpact.com\/site\/wp-content\/uploads\/2023\/03\/regua1.png\",\"datePublished\":\"2023-03-30T09:04:10+00:00\",\"dateModified\":\"2023-03-30T09:53:25+00:00\",\"breadcrumb\":{\"@id\":\"https:\/\/portimpact.com\/site\/product\/regua-aluminio\/#breadcrumb\"},\"inLanguage\":\"pt-PT\",\"potentialAction\":[{\"@type\":\"ReadAction\",\"target\":[\"https:\/\/portimpact.com\/site\/product\/regua-aluminio\/\"]}]},{\"@type\":\"ImageObject\",\"inLanguage\":\"pt-PT\",\"@id\":\"https:\/\/portimpact.com\/site\/product\/regua-aluminio\/#primaryimage\",\"url\":\"https:\/\/portimpact.com\/site\/wp-content\/uploads\/2023\/03\/regua1.png\",\"contentUrl\":\"https:\/\/portimpact.com\/site\/wp-content\/uploads\/2023\/03\/regua1.png\",\"width\":800,\"height\":874},{\"@type\":\"BreadcrumbList\",\"@id\":\"https:\/\/portimpact.com\/site\/product\/regua-aluminio\/#breadcrumb\",\"itemListElement\":[{\"@type\":\"ListItem\",\"position\":1,\"name\":\"Home\",\"item\":\"https:\/\/portimpact.com\/site\/\"},{\"@type\":\"ListItem\",\"position\":2,\"name\":\"Produtos\",\"item\":\"https:\/\/portimpact.com\/site\/shop\/\"},{\"@type\":\"ListItem\",\"position\":3,\"name\":\"R\u00e9gua em Alum\u00ednio\"}]},{\"@type\":\"WebSite\",\"@id\":\"https:\/\/portimpact.com\/site\/#website\",\"url\":\"https:\/\/portimpact.com\/site\/\",\"name\":\"Portimpact\",\"description\":\"Escadas, Escadotes, Estendais em alum\u00ednio\",\"publisher\":{\"@id\":\"https:\/\/portimpact.com\/site\/#organization\"},\"potentialAction\":[{\"@type\":\"SearchAction\",\"target\":{\"@type\":\"EntryPoint\",\"urlTemplate\":\"https:\/\/portimpact.com\/site\/?s={search_term_string}\"},\"query-input\":{\"@type\":\"PropertyValueSpecification\",\"valueRequired\":true,\"valueName\":\"search_term_string\"}}],\"inLanguage\":\"pt-PT\"},{\"@type\":\"Organization\",\"@id\":\"https:\/\/portimpact.com\/site\/#organization\",\"name\":\"Portimpact\",\"url\":\"https:\/\/portimpact.com\/site\/\",\"logo\":{\"@type\":\"ImageObject\",\"inLanguage\":\"pt-PT\",\"@id\":\"https:\/\/portimpact.com\/site\/#\/schema\/logo\/image\/\",\"url\":\"https:\/\/portimpact.com\/site\/wp-content\/uploads\/2022\/11\/logo_portimpact1.png\",\"contentUrl\":\"https:\/\/portimpact.com\/site\/wp-content\/uploads\/2022\/11\/logo_portimpact1.png\",\"width\":170,\"height\":62,\"caption\":\"Portimpact\"},\"image\":{\"@id\":\"https:\/\/portimpact.com\/site\/#\/schema\/logo\/image\/\"},\"sameAs\":[\"https:\/\/www.facebook.com\/Portimpact\/\",\"https:\/\/www.instagram.com\/portimpact\/\",\"https:\/\/www.linkedin.com\/in\/portimpact\"]}]}<\/script>\n<!-- \/ Yoast SEO Premium plugin. -->","yoast_head_json":{"title":"R\u00e9gua em Alum\u00ednio - Portimpact","robots":{"index":"index","follow":"follow","max-snippet":"max-snippet:-1","max-image-preview":"max-image-preview:large","max-video-preview":"max-video-preview:-1"},"canonical":"https:\/\/portimpact.com\/site\/product\/regua-aluminio\/","og_locale":"pt_PT","og_type":"article","og_title":"R\u00e9gua em Alum\u00ednio","og_description":"R\u00e9gua em alum\u00ednio com tops pl\u00e1sticos.  Venda ao metro.  &nbsp;","og_url":"https:\/\/portimpact.com\/site\/product\/regua-aluminio\/","og_site_name":"Portimpact","article_publisher":"https:\/\/www.facebook.com\/Portimpact\/","article_modified_time":"2023-03-30T09:53:25+00:00","og_image":[{"width":800,"height":874,"url":"https:\/\/portimpact.com\/site\/wp-content\/uploads\/2023\/03\/regua1.png","type":"image\/png"}],"twitter_card":"summary_large_image","schema":{"@context":"https:\/\/schema.org","@graph":[{"@type":"WebPage","@id":"https:\/\/portimpact.com\/site\/product\/regua-aluminio\/","url":"https:\/\/portimpact.com\/site\/product\/regua-aluminio\/","name":"R\u00e9gua em Alum\u00ednio - Portimpact","isPartOf":{"@id":"https:\/\/portimpact.com\/site\/#website"},"primaryImageOfPage":{"@id":"https:\/\/portimpact.com\/site\/product\/regua-aluminio\/#primaryimage"},"image":{"@id":"https:\/\/portimpact.com\/site\/product\/regua-aluminio\/#primaryimage"},"thumbnailUrl":"https:\/\/portimpact.com\/site\/wp-content\/uploads\/2023\/03\/regua1.png","datePublished":"2023-03-30T09:04:10+00:00","dateModified":"2023-03-30T09:53:25+00:00","breadcrumb":{"@id":"https:\/\/portimpact.com\/site\/product\/regua-aluminio\/#breadcrumb"},"inLanguage":"pt-PT","potentialAction":[{"@type":"ReadAction","target":["https:\/\/portimpact.com\/site\/product\/regua-aluminio\/"]}]},{"@type":"ImageObject","inLanguage":"pt-PT","@id":"https:\/\/portimpact.com\/site\/product\/regua-aluminio\/#primaryimage","url":"https:\/\/portimpact.com\/site\/wp-content\/uploads\/2023\/03\/regua1.png","contentUrl":"https:\/\/portimpact.com\/site\/wp-content\/uploads\/2023\/03\/regua1.png","width":800,"height":874},{"@type":"BreadcrumbList","@id":"https:\/\/portimpact.com\/site\/product\/regua-aluminio\/#breadcrumb","itemListElement":[{"@type":"ListItem","position":1,"name":"Home","item":"https:\/\/portimpact.com\/site\/"},{"@type":"ListItem","position":2,"name":"Produtos","item":"https:\/\/portimpact.com\/site\/shop\/"},{"@type":"ListItem","position":3,"name":"R\u00e9gua em Alum\u00ednio"}]},{"@type":"WebSite","@id":"https:\/\/portimpact.com\/site\/#website","url":"https:\/\/portimpact.com\/site\/","name":"Portimpact","description":"Escadas, Escadotes, Estendais em alum\u00ednio","publisher":{"@id":"https:\/\/portimpact.com\/site\/#organization"},"potentialAction":[{"@type":"SearchAction","target":{"@type":"EntryPoint","urlTemplate":"https:\/\/portimpact.com\/site\/?s={search_term_string}"},"query-input":{"@type":"PropertyValueSpecification","valueRequired":true,"valueName":"search_term_string"}}],"inLanguage":"pt-PT"},{"@type":"Organization","@id":"https:\/\/portimpact.com\/site\/#organization","name":"Portimpact","url":"https:\/\/portimpact.com\/site\/","logo":{"@type":"ImageObject","inLanguage":"pt-PT","@id":"https:\/\/portimpact.com\/site\/#\/schema\/logo\/image\/","url":"https:\/\/portimpact.com\/site\/wp-content\/uploads\/2022\/11\/logo_portimpact1.png","contentUrl":"https:\/\/portimpact.com\/site\/wp-content\/uploads\/2022\/11\/logo_portimpact1.png","width":170,"height":62,"caption":"Portimpact"},"image":{"@id":"https:\/\/portimpact.com\/site\/#\/schema\/logo\/image\/"},"sameAs":["https:\/\/www.facebook.com\/Portimpact\/","https:\/\/www.instagram.com\/portimpact\/","https:\/\/www.linkedin.com\/in\/portimpact"]}]}},"_links":{"self":[{"href":"https:\/\/portimpact.com\/site\/wp-json\/wp\/v2\/product\/3082","targetHints":{"allow":["GET"]}}],"collection":[{"href":"https:\/\/portimpact.com\/site\/wp-json\/wp\/v2\/product"}],"about":[{"href":"https:\/\/portimpact.com\/site\/wp-json\/wp\/v2\/types\/product"}],"version-history":[{"count":16,"href":"https:\/\/portimpact.com\/site\/wp-json\/wp\/v2\/product\/3082\/revisions"}],"predecessor-version":[{"id":3114,"href":"https:\/\/portimpact.com\/site\/wp-json\/wp\/v2\/product\/3082\/revisions\/3114"}],"wp:featuredmedia":[{"embeddable":true,"href":"https:\/\/portimpact.com\/site\/wp-json\/wp\/v2\/media\/3083"}],"wp:attachment":[{"href":"https:\/\/portimpact.com\/site\/wp-json\/wp\/v2\/media?parent=3082"}],"wp:term":[{"taxonomy":"product_brand","embeddable":true,"href":"https:\/\/portimpact.com\/site\/wp-json\/wp\/v2\/product_brand?post=3082"},{"taxonomy":"product_cat","embeddable":true,"href":"https:\/\/portimpact.com\/site\/wp-json\/wp\/v2\/product_cat?post=3082"},{"taxonomy":"product_tag","embeddable":true,"href":"https:\/\/portimpact.com\/site\/wp-json\/wp\/v2\/product_tag?post=3082"}],"curies":[{"name":"wp","href":"https:\/\/api.w.org\/{rel}","templated":true}]}}